{"id":196,"date":"2015-10-01T20:56:48","date_gmt":"2015-10-01T18:56:48","guid":{"rendered":"http:\/\/www.docrattie.de\/?page_id=196"},"modified":"2015-10-01T20:58:17","modified_gmt":"2015-10-01T18:58:17","slug":"pen-paper","status":"publish","type":"page","link":"https:\/\/www.docrattie.de\/?page_id=196","title":{"rendered":"Pen &#038; Paper"},"content":{"rendered":"<p>Pen &amp; Paper Rollenspiele finden weder auf dem PC noch auf einem Spielbrett, sondern in eurem Kopf. Dabei gibt der Charakterbogen vor, wen ihr eigentlich spielt und was der so kann. Der Spielleiter erz\u00e4hlt die Geschichte des Abends. Meinst ein spannendes Abenteuer, in dem die Spielercharaktere R\u00e4tsel l\u00f6sen und Monster verm\u00f6beln m\u00fcssen. Aber den M\u00f6glichkeiten ist dabei keine Grenze gesetzt. Von der heroischen Queste des Paladins bis hin zum Raubzug des fiesen Schurken. Von dem Mordfall im London der 1880er, den die Spieler aufkl\u00e4ren m\u00fcssen, bis zu den Jahrhundertelangen Fehden von Vampir-Ahnen. Es ist alles m\u00f6glich, dass die eigene Fantasie erlaubt.<\/p>\n<p>Um zu bestimmen wie gut etwas l\u00e4uft oder wie man sich im Kampf schl\u00e4gt, werden W\u00fcrfelw\u00fcrfe benutzt. Dabei hat so ziemlich jedes Rollenspiel-System sein eigenes W\u00fcrfel-System.<\/p>\n<p>&nbsp;<\/p>\n<p>Ich habe vor hier einiges an Material dazu zu sammeln. Wenn ihr W\u00fcnsche dazu habt, lasst es mich wissen.<\/p>\n","protected":false},"excerpt":{"rendered":"<p>Pen &amp; Paper Rollenspiele finden weder auf dem PC noch auf einem Spielbrett, sondern in eurem Kopf. Dabei gibt der Charakterbogen vor, wen ihr eigentlich spielt und was der so kann. Der Spielleiter erz\u00e4hlt die Geschichte des Abends. Meinst ein spannendes Abenteuer, in dem die Spielercharaktere R\u00e4tsel l\u00f6sen und Monster verm\u00f6beln m\u00fcssen. Aber den M\u00f6glichkeiten [&hellip;]<\/p>\n","protected":false},"author":1,"featured_media":0,"parent":0,"menu_order":0,"comment_status":"closed","ping_status":"closed","template":"","meta":{"footnotes":""},"class_list":["post-196","page","type-page","status-publish","hentry"],"_links":{"self":[{"href":"https:\/\/www.docrattie.de\/index.php?rest_route=\/wp\/v2\/pages\/196","targetHints":{"allow":["GET"]}}],"collection":[{"href":"https:\/\/www.docrattie.de\/index.php?rest_route=\/wp\/v2\/pages"}],"about":[{"href":"https:\/\/www.docrattie.de\/index.php?rest_route=\/wp\/v2\/types\/page"}],"author":[{"embeddable":true,"href":"https:\/\/www.docrattie.de\/index.php?rest_route=\/wp\/v2\/users\/1"}],"replies":[{"embeddable":true,"href":"https:\/\/www.docrattie.de\/index.php?rest_route=%2Fwp%2Fv2%2Fcomments&post=196"}],"version-history":[{"count":1,"href":"https:\/\/www.docrattie.de\/index.php?rest_route=\/wp\/v2\/pages\/196\/revisions"}],"predecessor-version":[{"id":197,"href":"https:\/\/www.docrattie.de\/index.php?rest_route=\/wp\/v2\/pages\/196\/revisions\/197"}],"wp:attachment":[{"href":"https:\/\/www.docrattie.de\/index.php?rest_route=%2Fwp%2Fv2%2Fmedia&parent=196"}],"curies":[{"name":"wp","href":"https:\/\/api.w.org\/{rel}","templated":true}]}}